{"id":11191,"date":"2024-12-06T18:01:30","date_gmt":"2024-12-06T17:01:30","guid":{"rendered":"https:\/\/www.carester.fr\/terms-and-conditions\/"},"modified":"2025-03-05T15:44:27","modified_gmt":"2025-03-05T14:44:27","slug":"terms-and-conditions","status":"publish","type":"page","link":"https:\/\/www.carester.fr\/en\/terms-and-conditions\/","title":{"rendered":"Terms and conditions"},"content":{"rendered":"\t\t<div data-elementor-type=\"wp-page\" data-elementor-id=\"11191\" class=\"elementor elementor-11191 elementor-5829\" data-elementor-post-type=\"page\">\n\t\t\t\t<div class=\"elementor-element elementor-element-77fbd903 e-flex e-con-boxed e-con e-parent\" data-id=\"77fbd903\" data-element_type=\"container\" data-e-type=\"container\" data-settings=\"{&quot;jet_parallax_layout_list&quot;:[]}\">\n\t\t\t\t\t<div class=\"e-con-inner\">\n\t\t\t\t<div class=\"elementor-element elementor-element-419885f8 elementor-widget elementor-widget-text-editor\" data-id=\"419885f8\" data-element_type=\"widget\" data-e-type=\"widget\" data-widget_type=\"text-editor.default\">\n\t\t\t\t<div class=\"elementor-widget-container\">\n\t\t\t\t\t\t\t\t\t<h2 class=\"title-h2\">1. Site presentation<\/h2>\n<p>In accordance with article 6 of French law no. 2004-575 of June 21, 2004 on confidence in the digital economy, users of the <a href=\"https:\/\/www.carester.fr\/\">www.carester.fr<\/a> website are informed of the identity of the various parties involved in its creation and follow-up:<\/p>\n<p><strong>Owner:<\/strong> Carester &#8211; Soci\u00e9t\u00e9 par actions simplifi\u00e9e &#8211; TOUR PART DIEU 129 RUE SERVIENT 69003 LYON &#8211; FRANCE<\/p>\n<p><strong>Designer :<\/strong> ANTIGONE Communication<\/p>\n<p><strong>Fr\u00e9d\u00e9ric<\/strong> Carencotte &#8211; office@carester.fr<\/p>\n<p>The person responsible for publication is an individual or a legal entity.<\/p>\n<p><strong>Webmaster:<\/strong> Mohsen Karim &#8211; web@antigone.fr<\/p>\n<p><strong>Host :<\/strong> OVH &#8211; OVH SAS &#8211; 2 rue Kellermann &#8211; 59100 ROUBAIX &#8211; FRANCE<\/p>\n<h2 class=\"title-h2\">2. General terms and conditions of use of the site and the services offered<\/h2>\n<p>Use of the <a href=\"https:\/\/www.carester.fr\/\">www.carester.fr<\/a> website implies full acceptance of the general conditions of use described below. These conditions of use may be amended or supplemented at any time, and users of the <a href=\"https:\/\/www.carester.fr\/\">www.carester.fr<\/a> website are therefore advised to consult them regularly. <\/p>\n<p>This site is normally accessible to users at all times. Carester may, however, decide to interrupt the site for technical maintenance purposes, and will endeavour to inform users of the dates and times of such interventions in advance. <\/p>\n<p>The <a href=\"https:\/\/www.carester.fr\/\">www.carester.fr<\/a> website is regularly updated by Fr\u00e9d\u00e9ric Carencotte. In the same way, the legal notices may be modified at any time: they are nevertheless binding on the user, who is invited to refer to them as often as possible in order to take cognizance of them. <\/p>\n<h2 class=\"title-h2\">3. Description of services provided<\/h2>\n<p>The purpose of the <a href=\"https:\/\/www.carester.fr\/\">www.carester.fr<\/a> website is to provide information about all the company&#8217;s activities.<\/p>\n<p>Carester endeavors to provide as accurate information as possible on the <a href=\"https:\/\/www.carester.fr\/\">www.carester.fr<\/a> website. However, Carester cannot be held responsible for any omissions, inaccuracies or failure to update information, whether caused by Carester or by third-party partners supplying such information. <\/p>\n<p>All information on the <a href=\"https:\/\/www.carester.fr\/\">www.carester.fr<\/a> website is provided for information purposes only, and is subject to change. Furthermore, the information on the <a href=\"https:\/\/www.carester.fr\/\">www.carester.fr<\/a> website is not exhaustive. It is subject to modifications having been made since it was put online.  <\/p>\n<h2 class=\"title-h2\">4. Contractual limitations on technical data<\/h2>\n<p>The site uses JavaScript technology.<\/p>\n<p>The website cannot be held responsible for any material damage linked to the use of the site. In addition, the user of the site undertakes to access the site using recent, virus-free equipment and with an up-to-date browser. <\/p>\n<h2 class=\"title-h2\">5. Intellectual property and counterfeiting<\/h2>\n<p>Carester is the owner of the intellectual property rights or holds the rights of use on all the elements accessible on the site, in particular the texts, images, graphics, logos, icons, sounds and software.<\/p>\n<p>Any reproduction, representation, modification, publication, adaptation of all or part of the elements of the site, whatever the means or the process used, is prohibited, except prior written authorization of : Carester.<\/p>\n<p>Any unauthorized use of the site or of any of the elements it contains will be considered as constituting an infringement and will be prosecuted in accordance with the provisions of articles L.335-2 et seq. of the French Intellectual Property Code.<\/p>\n<h2 class=\"title-h2\">6. Limitation of liability<\/h2>\n<p>Carester may not be held liable for direct or indirect damage caused to the user&#8217;s equipment when accessing the Carester site, resulting either from the use of equipment that does not meet the specifications indicated in point 4, or from the appearance of a bug or incompatibility.<\/p>\n<p>Carester cannot be held liable for indirect damages (such as loss of business or loss of opportunity) resulting from the use of the <a href=\"https:\/\/www.carester.fr\/\">www.carester.fr website .<\/a><\/p>\n<p>Interactive areas (possibility of asking questions in the contact area) are available to users. Carester reserves the right to delete, without prior notice, any content posted in this area that contravenes the legislation applicable in France, in particular provisions relating to data protection. Where applicable, Carester also reserves the right to hold the user civilly and\/or criminally liable, particularly in the event of messages of a racist, insulting, defamatory or pornographic nature, whatever the medium used (text, photographs, etc.).  <\/p>\n<h2 class=\"title-h2\">7. Personal data management<\/h2>\n<p>In France, personal data is protected by law no. 78-87 of January 6, 1978, law no. 2004-801 of August 6, 2004, article L. 226-13 of the Criminal Code and the European Directive of October 24, 1995.<\/p>\n<p>When using the <a href=\"https:\/\/www.carester.fr\/\">www.carester.fr<\/a> website, the following information may be collected: the URL of the links through which the user has accessed the <a href=\"https:\/\/www.carester.fr\/\">www.carester.fr website ,<\/a> the user&#8217;s access provider, the user&#8217;s Internet protocol (IP) address.<\/p>\n<p>In any case, Carester only collects personal information relating to the user for the purpose of certain services offered by the <a href=\"https:\/\/www.carester.fr\/\">www.carester.fr<\/a> website. The user provides this information with full knowledge of the facts, in particular when he\/she enters it him\/herself. Users of the <a href=\"https:\/\/www.carester.fr\/\">www.carester.fr<\/a> website are informed whether or not they are required to provide this information.<\/p>\n<p>In accordance with the provisions of Articles 38 et seq. of the French Data Protection Act 78-17 of January 6, 1978, all users have the right to access, rectify and object to any personal data concerning them, by sending a written and signed request, accompanied by a copy of the identity document bearing the signature of the holder of the document, and specifying the address to which the reply is to be sent.<\/p>\n<p>No personal information about the user of the <a href=\"https:\/\/www.carester.fr\/\">www.carester.fr<\/a> site is published without the user&#8217;s knowledge, exchanged, transferred, ceded or sold on any medium whatsoever to third parties. Only in the event of the purchase of Carester and its rights would the said information be transmitted to the eventual purchaser, who would in turn be bound by the same obligation to preserve and modify the data with respect to the user of the <a href=\"https:\/\/www.carester.fr\/\">www.carester.fr<\/a> website.<\/p>\n<p>The site is not registered with the CNIL as it does not collect personal information.<\/p>\n<p>Databases are protected by the provisions of the law of July 1, 1998, transposing directive 96\/9 of March 11, 1996, on the legal protection of databases.<\/p>\n<h2 class=\"title-h2\">8. Hyperlinks and cookies<\/h2>\n<p>The <a href=\"https:\/\/www.carester.fr\/\">www.carester.fr<\/a> website contains a number of hyperlinks to other sites, set up with the authorization of Carester. However, Carester is not in a position to check the content of sites visited in this way, and consequently accepts no liability in this respect.<\/p>\n<p>Browsing the <a href=\"https:\/\/www.carester.fr\/\">www.carester.fr<\/a> website may result in the installation of cookie(s) on the user&#8217;s computer. A cookie is a small file which does not allow the user to be identified, but which records information relating to the navigation of a computer on a site. The data obtained in this way is intended to facilitate subsequent browsing of the site, and is also used to measure visitor numbers.<\/p>\n<p>Refusal to install a cookie may prevent you from accessing certain services. The user may, however, configure his or her computer as follows to refuse the installation of cookies:<\/p>\n<p>Internet Explorer: Tools tab (cog-shaped icon at top right) \/ Internet options. Click on Privacy and choose Block all cookies. Confirm with Ok.<\/p>\n<p>Firefox: at the top of the browser window, click on the Firefox button, then go to the Options tab. Click on the Privacy tab.<\/p>\n<p>Set Retention rules to: use custom settings for history. Finally, uncheck it to disable cookies.<\/p>\n<p>Safari: Click on the menu icon (symbolized by a cog) in the top right-hand corner of the browser. Select Settings. Click on Show advanced settings. In the &#8220;Privacy&#8221; section, click on Content settings. In the &#8220;Cookies&#8221; section, you can block cookies.<\/p>\n<p>Under Chrome: Click on the menu icon (symbolized by three horizontal lines) in the top right-hand corner of the browser. Select Settings. Click on Show advanced settings. In the &#8220;Privacy&#8221; section, click on preferences. In the &#8220;Privacy&#8221; tab, you can block cookies.<\/p>\n<h2 class=\"title-h2\">9. Applicable law and jurisdiction<\/h2>\n<p>Any dispute relating to the use of the <a href=\"https:\/\/www.carester.fr\/\">www.carester.fr<\/a> website is subject to French law. Exclusive jurisdiction is granted to the competent courts of Lyon.<\/p>\n<h2 class=\"title-h2\">10. The main laws concerned<\/h2>\n<p>Act no. 78-87 of January 6, 1978, as amended by Act no. 2004-801 of August 6, 2004 on data processing, data files and individual liberties.<\/p>\n<p>Law no. 2004-575 of June 21, 2004 on confidence in the digital economy.<\/p>\n<h2 class=\"title-h2\">11. Lexicon<\/h2>\n<p>User: Internet user connecting to and using the above-mentioned site.<\/p>\n<p>Personal information: &#8220;information which enables, in any form whatsoever, directly or indirectly, the identification of the natural persons to whom it applies&#8221; (article 4 of law no. 78-17 of January 6, 1978).<\/p>\n\t\t\t\t\t\t\t\t<\/div>\n\t\t\t\t<\/div>\n\t\t\t\t\t<\/div>\n\t\t\t\t<\/div>\n\t\t\t\t<\/div>\n\t\t","protected":false},"excerpt":{"rendered":"<p>1. Site presentation In accordance with article 6 of French law no. 2004-575 of June 21, 2004 on confidence in the digital economy, users of the www.carester.fr website are informed of the identity of the various parties involved in its creation and follow-up: Owner: Carester &#8211; Soci\u00e9t\u00e9 par actions simplifi\u00e9e &#8211; TOUR PART DIEU 129 [&hellip;]<\/p>\n","protected":false},"author":2,"featured_media":0,"parent":0,"menu_order":0,"comment_status":"closed","ping_status":"closed","template":"elementor_header_footer","meta":{"_acf_changed":false,"footnotes":""},"class_list":["post-11191","page","type-page","status-publish","hentry"],"acf":[],"yoast_head":"<!-- This site is optimized with the Yoast SEO plugin v27.4 - https:\/\/yoast.com\/product\/yoast-seo-wordpress\/ -->\n<title>Terms and conditions - Carester<\/title>\n<meta name=\"description\" content=\"Our terms and conditions\" \/>\n<meta name=\"robots\" content=\"index, follow, max-snippet:-1, max-image-preview:large, max-video-preview:-1\" \/>\n<link rel=\"canonical\" href=\"https:\/\/www.carester.fr\/en\/terms-and-conditions\/\" \/>\n<meta property=\"og:locale\" content=\"en_US\" \/>\n<meta property=\"og:type\" content=\"article\" \/>\n<meta property=\"og:title\" content=\"Terms and conditions - Carester\" \/>\n<meta property=\"og:description\" content=\"Our terms and conditions\" \/>\n<meta property=\"og:url\" content=\"https:\/\/www.carester.fr\/en\/terms-and-conditions\/\" \/>\n<meta property=\"og:site_name\" content=\"Carester\" \/>\n<meta property=\"article:modified_time\" content=\"2025-03-05T14:44:27+00:00\" \/>\n<meta name=\"twitter:card\" content=\"summary_large_image\" \/>\n<meta name=\"twitter:label1\" content=\"Est. reading time\" \/>\n\t<meta name=\"twitter:data1\" content=\"7 minutes\" \/>\n<script type=\"application\/ld+json\" class=\"yoast-schema-graph\">{\"@context\":\"https:\\\/\\\/schema.org\",\"@graph\":[{\"@type\":\"WebPage\",\"@id\":\"https:\\\/\\\/www.carester.fr\\\/en\\\/terms-and-conditions\\\/\",\"url\":\"https:\\\/\\\/www.carester.fr\\\/en\\\/terms-and-conditions\\\/\",\"name\":\"Terms and conditions - Carester\",\"isPartOf\":{\"@id\":\"https:\\\/\\\/www.carester.fr\\\/en\\\/#website\"},\"datePublished\":\"2024-12-06T17:01:30+00:00\",\"dateModified\":\"2025-03-05T14:44:27+00:00\",\"description\":\"Our terms and conditions\",\"breadcrumb\":{\"@id\":\"https:\\\/\\\/www.carester.fr\\\/en\\\/terms-and-conditions\\\/#breadcrumb\"},\"inLanguage\":\"en-US\",\"potentialAction\":[{\"@type\":\"ReadAction\",\"target\":[\"https:\\\/\\\/www.carester.fr\\\/en\\\/terms-and-conditions\\\/\"]}]},{\"@type\":\"BreadcrumbList\",\"@id\":\"https:\\\/\\\/www.carester.fr\\\/en\\\/terms-and-conditions\\\/#breadcrumb\",\"itemListElement\":[{\"@type\":\"ListItem\",\"position\":1,\"name\":\"Accueil\",\"item\":\"https:\\\/\\\/www.carester.fr\\\/en\\\/\"},{\"@type\":\"ListItem\",\"position\":2,\"name\":\"Terms and conditions\"}]},{\"@type\":\"WebSite\",\"@id\":\"https:\\\/\\\/www.carester.fr\\\/en\\\/#website\",\"url\":\"https:\\\/\\\/www.carester.fr\\\/en\\\/\",\"name\":\"Observatory on Information and Democracy\",\"description\":\"Le partenaire de choix europ\u00e9en dans l&#039;extraction et l&#039;exploitation des m\u00e9taux rares\",\"potentialAction\":[{\"@type\":\"SearchAction\",\"target\":{\"@type\":\"EntryPoint\",\"urlTemplate\":\"https:\\\/\\\/www.carester.fr\\\/en\\\/?s={search_term_string}\"},\"query-input\":{\"@type\":\"PropertyValueSpecification\",\"valueRequired\":true,\"valueName\":\"search_term_string\"}}],\"inLanguage\":\"en-US\"}]}<\/script>\n<!-- \/ Yoast SEO plugin. -->","yoast_head_json":{"title":"Terms and conditions - Carester","description":"Our terms and conditions","robots":{"index":"index","follow":"follow","max-snippet":"max-snippet:-1","max-image-preview":"max-image-preview:large","max-video-preview":"max-video-preview:-1"},"canonical":"https:\/\/www.carester.fr\/en\/terms-and-conditions\/","og_locale":"en_US","og_type":"article","og_title":"Terms and conditions - Carester","og_description":"Our terms and conditions","og_url":"https:\/\/www.carester.fr\/en\/terms-and-conditions\/","og_site_name":"Carester","article_modified_time":"2025-03-05T14:44:27+00:00","twitter_card":"summary_large_image","twitter_misc":{"Est. reading time":"7 minutes"},"schema":{"@context":"https:\/\/schema.org","@graph":[{"@type":"WebPage","@id":"https:\/\/www.carester.fr\/en\/terms-and-conditions\/","url":"https:\/\/www.carester.fr\/en\/terms-and-conditions\/","name":"Terms and conditions - Carester","isPartOf":{"@id":"https:\/\/www.carester.fr\/en\/#website"},"datePublished":"2024-12-06T17:01:30+00:00","dateModified":"2025-03-05T14:44:27+00:00","description":"Our terms and conditions","breadcrumb":{"@id":"https:\/\/www.carester.fr\/en\/terms-and-conditions\/#breadcrumb"},"inLanguage":"en-US","potentialAction":[{"@type":"ReadAction","target":["https:\/\/www.carester.fr\/en\/terms-and-conditions\/"]}]},{"@type":"BreadcrumbList","@id":"https:\/\/www.carester.fr\/en\/terms-and-conditions\/#breadcrumb","itemListElement":[{"@type":"ListItem","position":1,"name":"Accueil","item":"https:\/\/www.carester.fr\/en\/"},{"@type":"ListItem","position":2,"name":"Terms and conditions"}]},{"@type":"WebSite","@id":"https:\/\/www.carester.fr\/en\/#website","url":"https:\/\/www.carester.fr\/en\/","name":"Observatory on Information and Democracy","description":"Le partenaire de choix europ\u00e9en dans l&#039;extraction et l&#039;exploitation des m\u00e9taux rares","potentialAction":[{"@type":"SearchAction","target":{"@type":"EntryPoint","urlTemplate":"https:\/\/www.carester.fr\/en\/?s={search_term_string}"},"query-input":{"@type":"PropertyValueSpecification","valueRequired":true,"valueName":"search_term_string"}}],"inLanguage":"en-US"}]}},"_links":{"self":[{"href":"https:\/\/www.carester.fr\/en\/wp-json\/wp\/v2\/pages\/11191","targetHints":{"allow":["GET"]}}],"collection":[{"href":"https:\/\/www.carester.fr\/en\/wp-json\/wp\/v2\/pages"}],"about":[{"href":"https:\/\/www.carester.fr\/en\/wp-json\/wp\/v2\/types\/page"}],"author":[{"embeddable":true,"href":"https:\/\/www.carester.fr\/en\/wp-json\/wp\/v2\/users\/2"}],"replies":[{"embeddable":true,"href":"https:\/\/www.carester.fr\/en\/wp-json\/wp\/v2\/comments?post=11191"}],"version-history":[{"count":1,"href":"https:\/\/www.carester.fr\/en\/wp-json\/wp\/v2\/pages\/11191\/revisions"}],"predecessor-version":[{"id":11192,"href":"https:\/\/www.carester.fr\/en\/wp-json\/wp\/v2\/pages\/11191\/revisions\/11192"}],"wp:attachment":[{"href":"https:\/\/www.carester.fr\/en\/wp-json\/wp\/v2\/media?parent=11191"}],"curies":[{"name":"wp","href":"https:\/\/api.w.org\/{rel}","templated":true}]}}